{"id":1190,"date":"2021-01-03T22:34:34","date_gmt":"2021-01-03T21:34:34","guid":{"rendered":"http:\/\/fitroom.si\/?page_id=1190"},"modified":"2021-02-28T21:52:34","modified_gmt":"2021-02-28T20:52:34","slug":"mnenje-nasih-strank","status":"publish","type":"page","link":"https:\/\/fitroom.si\/en\/mnenje-nasih-strank\/","title":{"rendered":"WHAT OUR CLIENTS SAY"},"content":{"rendered":"<style id=\"sp_testimonial_dynamic_css1187\">#sp-testimonial-free-wrapper-1187 .sp-testimonial-free-section .testimonial-pagination span.swiper-pagination-bullet{background: #cccccc;}#sp-testimonial-free-wrapper-1187 .sp-testimonial-free-section .testimonial-pagination span.swiper-pagination-bullet.swiper-pagination-bullet-active{background: #2b2b2b;} #sp-testimonial-free-wrapper-1187 .sp-testimonial-free-section .testimonial-nav-arrow{background: #777777;border: 0px solid #777777;color: #ffffff;}#sp-testimonial-free-wrapper-1187 .sp-testimonial-free-section .testimonial-nav-arrow:hover {background: #2b2b2b;border-color: #2b2b2b;color: #ffffff;}#sp-testimonial-free-wrapper-1187 .sp-testimonial-free-section{margin: 0 50px;}#sp-testimonial-free-wrapper-1187 .sp-testimonial-free-section{margin-bottom: 50px;}#sp-testimonial-free-wrapper-1187 .sp-testimonial-free-section .sp-testimonial-client-image img {background: #ffffff;border: 0px solid #dddddd;padding: 0px;}#sp-testimonial-free-wrapper-1187 .sp-testimonial-free-section .sp-testimonial-client-image {text-align: center;}#sp-testimonial-free-wrapper-1187 .sp-testimonial-free-section .sp-testimonial-client-rating{ display: inline-flex; gap: 2px;}#sp-testimonial-free-wrapper-1187 .sp-testimonial-free-section .sp-testimonial-client-rating i.fa{ color: #ffb900; font-size: 19px;}#sp-testimonial-free-wrapper-1187 .sp-testimonial-free-section .sp-testimonial-client-rating i.fa-star{color: #ffb900;}#sp-testimonial-free-wrapper-1187 .sp-testimonial-free-section .sp-testimonial-client-designation{color: #2b2b2b;}#sp-testimonial-free-wrapper-1187 .sp-testimonial-free-section .sp-testimonial-client-name{color: #2b2b2b;}#sp-testimonial-free-wrapper-1187 .sp-testimonial-free-section .sp-testimonial-client-testimonial{color: #2b2b2b;}#sp-testimonial-free-wrapper-1187 .sp-testimonial-free-section .sp-testimonial-title .sp-testimonial-post-title{color: #2b2b2b;}#sp-testimonial-free-wrapper-1187 .sp-testimonial-free {background : transparent;border: 1px solid transparent;border-radius: 0px;}<\/style><div id=\"sp-testimonial-free-wrapper-1187\" class=\"sp-testimonial-free-wrapper\"><div id=\"sp-testimonial-free-1187\" class=\"sp-testimonial-free-section tfree-style-theme-one\" dir=\"ltr\" data-preloader=\"\" data-swiper='{&quot;dots&quot;: 1,&quot;pagination_type&quot;: &quot;dots&quot;, &quot;spaceBetween&quot;: 20, &quot;adaptiveHeight&quot;: false, &quot;pauseOnHover&quot;: true, &quot;slidesToShow&quot;: 1, &quot;speed&quot;: 600, &quot;arrows&quot;: &quot;1&quot;, &quot;autoplay&quot;: true, &quot;autoplaySpeed&quot;: 3000, &quot;swipe&quot;: true, &quot;swipeToSlide&quot;: false, &quot;draggable&quot;: true, &quot;freeMode&quot;: false, &quot;rtl&quot;: false, &quot;infinite&quot;: true,&quot;slidesPerView&quot;: {&quot;lg_desktop&quot;:1 , &quot;desktop&quot;: 1, &quot;laptop&quot;:1 , &quot;tablet&quot;: 1, &quot;mobile&quot;: 1},&quot;navigation_mobile&quot;: true, &quot;pagination_mobile&quot;:true, &quot;autoplay_mobile&quot;:true}' ><div class=\"swiper-wrapper\"><div class=\"sp-testimonial-item swiper-slide\"><div class=\"sp-testimonial-free\"><div class=\"sp-testimonial-client-image\"><img decoding=\"async\" width=\"120\" height=\"120\" src=\"https:\/\/fitroom.si\/wp-content\/uploads\/2022\/10\/unnamed.png\" class=\"tfree-client-image wp-post-image\" alt=\"\" \/><\/div><div class=\"sp-testimonial-title\"><h3 class=\"sp-testimonial-post-title\">Zelo oseben pristop<\/h3><\/div><div class=\"sp-testimonial-client-testimonial\"><div class=\"sp-testimonial-content\"><p>Studio je s sodobnimi in atraktivnimi lesenimi vadbenimi napravami res lepo zasnovan ter vedno izjemno \u010dist. Profesionalizem trenerja Jonatana je pa tisto, kar dela Fit Room edinstvenega. Jonatan ima zelo oseben pristop, sproti prilagaja program, je velik motivator ter tudi ves \u010das nadzira, da se vadbe izvajajo pravilno. Tako je napredek konstanten in po 10 mesecih so rezultati zares odli\u010dni. Zares priporo\u010dam!<\/p><\/div><\/div><h4 class=\"sp-testimonial-client-name\">\u017diga Bobinac<\/h4><div class=\"sp-testimonial-client-rating\"><i class=\"fa fa-star\" aria-hidden=\"true\"><\/i><i class=\"fa fa-star\" aria-hidden=\"true\"><\/i><i class=\"fa fa-star\" aria-hidden=\"true\"><\/i><i class=\"fa fa-star\" aria-hidden=\"true\"><\/i><i class=\"fa fa-star\" aria-hidden=\"true\"><\/i><\/div><\/div> <\/div> <div class=\"sp-testimonial-item swiper-slide\"><div class=\"sp-testimonial-free\"><div class=\"sp-testimonial-client-image\"><img decoding=\"async\" width=\"120\" height=\"120\" src=\"https:\/\/fitroom.si\/wp-content\/uploads\/2021\/04\/Matej-Kalan-120x120.png\" class=\"tfree-client-image wp-post-image\" alt=\"\" \/><\/div><div class=\"sp-testimonial-title\"><h3 class=\"sp-testimonial-post-title\">Unikaten Buti\u010dni Fitnes<\/h3><\/div><div class=\"sp-testimonial-client-testimonial\"><div class=\"sp-testimonial-content\"><p style=\"text-align: center;\">Unikaten buti\u010dni fitnes, katerega vodi strokovno podkovan trener Jon. Vadba je vedno prilagojena va\u0161im zmo\u017enostim, intenzivnost pa uravnote\u017eena tekom ure, da iz tebe izvele\u010de maksimalno. Razmerje med ceno in uslugo si zaslu\u017ei 5*.<\/p><\/div><\/div><h4 class=\"sp-testimonial-client-name\">Matej Kalan<\/h4><div class=\"sp-testimonial-client-rating\"><i class=\"fa fa-star\" aria-hidden=\"true\"><\/i><i class=\"fa fa-star\" aria-hidden=\"true\"><\/i><i class=\"fa fa-star\" aria-hidden=\"true\"><\/i><i class=\"fa fa-star\" aria-hidden=\"true\"><\/i><i class=\"fa fa-star\" aria-hidden=\"true\"><\/i><\/div><\/div> <\/div> <div class=\"sp-testimonial-item swiper-slide\"><div class=\"sp-testimonial-free\"><div class=\"sp-testimonial-client-image\"><img decoding=\"async\" width=\"120\" height=\"120\" src=\"https:\/\/fitroom.si\/wp-content\/uploads\/2021\/01\/Bayer_Logo.svg_-120x120.png\" class=\"tfree-client-image wp-post-image\" alt=\"bayer mnenje na\u0161e stranke\" \/><\/div><div class=\"sp-testimonial-title\"><h3 class=\"sp-testimonial-post-title\">First-class workout<\/h3><\/div><div class=\"sp-testimonial-client-testimonial\"><div class=\"sp-testimonial-content\"><p style=\"text-align: center;\">\u201cThe partnership between Bayer\u2019s sports organisation and FIT ROOM has not only helped me personally become healthier, but has also provided a venue to strengthen team dynamics, as I work-out weekly with several colleagues. The facilities of the gym are excellent \u2013 with high-quality equipment and extremely clean amenities. Jonatan as a trainer customises each session to best suit our individual needs, ensuring each workout is safe and effective. For a first-class workout, I\u2019d definitely recommend FIT ROOM.\u201d<\/p><\/div><\/div><h4 class=\"sp-testimonial-client-name\">Marielle Lopez<\/h4><div class=\"sp-testimonial-client-rating\"><i class=\"fa fa-star\" aria-hidden=\"true\"><\/i><i class=\"fa fa-star\" aria-hidden=\"true\"><\/i><i class=\"fa fa-star\" aria-hidden=\"true\"><\/i><i class=\"fa fa-star\" aria-hidden=\"true\"><\/i><i class=\"fa fa-star\" aria-hidden=\"true\"><\/i><\/div> <div class=\"sp-testimonial-client-designation\">Country Head \u2013 Bayer Consumer Healthcare, Slovenia<\/div><\/div> <\/div> <div class=\"sp-testimonial-item swiper-slide\"><div class=\"sp-testimonial-free\"><div class=\"sp-testimonial-client-image\"><img loading=\"lazy\" decoding=\"async\" width=\"120\" height=\"120\" src=\"https:\/\/fitroom.si\/wp-content\/uploads\/2021\/01\/Maja-Muren-120x120.jpg\" class=\"tfree-client-image wp-post-image\" alt=\"mnenje na\u0161e stranke\" \/><\/div><div class=\"sp-testimonial-title\"><h3 class=\"sp-testimonial-post-title\">Krasen buti\u010den fitnes<\/h3><\/div><div class=\"sp-testimonial-client-testimonial\"><div class=\"sp-testimonial-content\"><p style=\"text-align: center;\">&#8220;FIT ROOM je krasen buti\u010den fitnes. Najbolj v\u0161e\u010d mi je ravno to, ker ima\u0161 individualne treninge s profesionalnim fitnes trenerjem. Priporo\u010dala bi ga vsem tistim katerim si \u017eelite pravilno izvedbo vaj in tistim, ki vam intimnost prostora doda vrednost dobrega treninga.&#8221;<\/p><\/div><\/div><h4 class=\"sp-testimonial-client-name\">Maja Muren<\/h4><div class=\"sp-testimonial-client-rating\"><i class=\"fa fa-star\" aria-hidden=\"true\"><\/i><i class=\"fa fa-star\" aria-hidden=\"true\"><\/i><i class=\"fa fa-star\" aria-hidden=\"true\"><\/i><i class=\"fa fa-star\" aria-hidden=\"true\"><\/i><i class=\"fa fa-star\" aria-hidden=\"true\"><\/i><\/div><\/div> <\/div> <div class=\"sp-testimonial-item swiper-slide\"><div class=\"sp-testimonial-free\"><div class=\"sp-testimonial-client-image\"><img loading=\"lazy\" decoding=\"async\" width=\"120\" height=\"120\" src=\"https:\/\/fitroom.si\/wp-content\/uploads\/2021\/01\/Jana-Stankovic\u0301-120x120.jpg\" class=\"tfree-client-image wp-post-image\" alt=\"mnenje na\u0161e stranke\" \/><\/div><div class=\"sp-testimonial-title\"><h3 class=\"sp-testimonial-post-title\">Edinstveno in brez \u010dlanarine!<\/h3><\/div><div class=\"sp-testimonial-client-testimonial\"><div class=\"sp-testimonial-content\"><p style=\"text-align: center;\">&#8220;Res nekaj edinstvenega na slovenskem tr\u017ei\u0161\u010du, oprema je res vrhunska in prijazna okolju. Osebje prijazno in zelo posve\u010deno poslu &#8211; you gotta love what you do to succeed \ud83d\udc4c\ud83c\udffb In \u0161e pika na i, ni \u010dlanarin, kar je meni super.&#8221;<\/p><\/div><\/div><h4 class=\"sp-testimonial-client-name\">Jana Stankovi\u0107<\/h4><div class=\"sp-testimonial-client-rating\"><i class=\"fa fa-star\" aria-hidden=\"true\"><\/i><i class=\"fa fa-star\" aria-hidden=\"true\"><\/i><i class=\"fa fa-star\" aria-hidden=\"true\"><\/i><i class=\"fa fa-star\" aria-hidden=\"true\"><\/i><i class=\"fa fa-star\" aria-hidden=\"true\"><\/i><\/div><\/div> <\/div> <\/div><div class=\"swiper-pagination testimonial-pagination\"><\/div><div class=\"swiper-button-prev testimonial-nav-arrow vertical_center\"><i class=\"fa fa-angle-left\"><\/i><\/div><div class=\"swiper-button-next testimonial-nav-arrow vertical_center\"><i class=\"fa fa-angle-right\"><\/i><\/div><\/div><\/div>","protected":false},"excerpt":{"rendered":"","protected":false},"author":1,"featured_media":0,"parent":0,"menu_order":0,"comment_status":"closed","ping_status":"closed","template":"elementor_header_footer","meta":{"footnotes":""},"class_list":["post-1190","page","type-page","status-publish","hentry"],"jetpack_sharing_enabled":true,"_links":{"self":[{"href":"https:\/\/fitroom.si\/en\/wp-json\/wp\/v2\/pages\/1190","targetHints":{"allow":["GET"]}}],"collection":[{"href":"https:\/\/fitroom.si\/en\/wp-json\/wp\/v2\/pages"}],"about":[{"href":"https:\/\/fitroom.si\/en\/wp-json\/wp\/v2\/types\/page"}],"author":[{"embeddable":true,"href":"https:\/\/fitroom.si\/en\/wp-json\/wp\/v2\/users\/1"}],"replies":[{"embeddable":true,"href":"https:\/\/fitroom.si\/en\/wp-json\/wp\/v2\/comments?post=1190"}],"version-history":[{"count":4,"href":"https:\/\/fitroom.si\/en\/wp-json\/wp\/v2\/pages\/1190\/revisions"}],"predecessor-version":[{"id":1196,"href":"https:\/\/fitroom.si\/en\/wp-json\/wp\/v2\/pages\/1190\/revisions\/1196"}],"wp:attachment":[{"href":"https:\/\/fitroom.si\/en\/wp-json\/wp\/v2\/media?parent=1190"}],"curies":[{"name":"wp","href":"https:\/\/api.w.org\/{rel}","templated":true}]}}